{"id":9200,"date":"2023-10-19T12:21:04","date_gmt":"2023-10-19T12:21:04","guid":{"rendered":"https:\/\/destine-broker.ro\/?page_id=9200"},"modified":"2023-11-20T11:21:43","modified_gmt":"2023-11-20T08:21:43","slug":"request-an-offer","status":"publish","type":"page","link":"https:\/\/destine-broker.ro\/en\/request-an-offer\/","title":{"rendered":"Request an Offer"},"content":{"rendered":"<div class=\"wpb-content-wrapper\"><p>[vc_row][vc_column width=&#8221;1\/6&#8243;][\/vc_column][vc_column width=&#8221;2\/3&#8243; el_class=&#8221;solicita-oferta-col&#8221;]\n<div class=\"wpcf7 no-js\" id=\"wpcf7-f9201-o1\" lang=\"en-US\" dir=\"ltr\" data-wpcf7-id=\"9201\">\n<div class=\"screen-reader-response\"><p role=\"status\" aria-live=\"polite\" aria-atomic=\"true\"><\/p> <ul><\/ul><\/div>\n<form action=\"\/en\/wp-json\/wp\/v2\/pages\/9200#wpcf7-f9201-o1\" method=\"post\" class=\"wpcf7-form init 4fa7177fc350 cmatic-conn cmatic-aud-3 cmatic-mapd0-0 cmatic-v097802 cmatic-sent-0 cmatic-total-58\" aria-label=\"Contact form\" novalidate=\"novalidate\" data-status=\"init\">\n<fieldset class=\"hidden-fields-container\"><input type=\"hidden\" name=\"_wpcf7\" value=\"9201\" \/><input type=\"hidden\" name=\"_wpcf7_version\" value=\"6.1.5\" \/><input type=\"hidden\" name=\"_wpcf7_locale\" value=\"en_US\" \/><input type=\"hidden\" name=\"_wpcf7_unit_tag\" value=\"wpcf7-f9201-o1\" \/><input type=\"hidden\" name=\"_wpcf7_container_post\" value=\"0\" \/><input type=\"hidden\" name=\"_wpcf7_posted_data_hash\" value=\"\" \/><input type=\"hidden\" name=\"_wpcf7cf_hidden_group_fields\" value=\"[]\" \/><input type=\"hidden\" name=\"_wpcf7cf_hidden_groups\" value=\"[]\" \/><input type=\"hidden\" name=\"_wpcf7cf_visible_groups\" value=\"[]\" \/><input type=\"hidden\" name=\"_wpcf7cf_repeaters\" value=\"[]\" \/><input type=\"hidden\" name=\"_wpcf7cf_steps\" value=\"{}\" \/><input type=\"hidden\" name=\"_wpcf7cf_options\" value=\"{&quot;form_id&quot;:9201,&quot;conditions&quot;:[{&quot;then_field&quot;:&quot;group-asig-pf-en&quot;,&quot;and_rules&quot;:[{&quot;if_field&quot;:&quot;solicita-oferta-en-tip-client&quot;,&quot;operator&quot;:&quot;equals&quot;,&quot;if_value&quot;:&quot;Individual&quot;}]},{&quot;then_field&quot;:&quot;group-asig-pj-en&quot;,&quot;and_rules&quot;:[{&quot;if_field&quot;:&quot;solicita-oferta-en-tip-client&quot;,&quot;operator&quot;:&quot;equals&quot;,&quot;if_value&quot;:&quot;Legal person&quot;}]},{&quot;then_field&quot;:&quot;group-pj-societate-en&quot;,&quot;and_rules&quot;:[{&quot;if_field&quot;:&quot;solicita-oferta-en-tip-client&quot;,&quot;operator&quot;:&quot;equals&quot;,&quot;if_value&quot;:&quot;Legal person&quot;}]}],&quot;settings&quot;:{&quot;animation&quot;:&quot;no&quot;,&quot;animation_intime&quot;:&quot;200&quot;,&quot;animation_outtime&quot;:&quot;200&quot;,&quot;conditions_ui&quot;:&quot;normal&quot;,&quot;notice_dismissed&quot;:&quot;1&quot;}}\" \/><input type=\"hidden\" name=\"_wpcf7_recaptcha_response\" value=\"\" \/>\n<\/fieldset>\n<div class=\"solicita-oferta-form\">\n\t<p class=\"cf-heading-small\">Client type\n\t<\/p>\n\t<p class=\"cf-row\"><span class=\"wpcf7-form-control-wrap\" data-name=\"solicita-oferta-en-tip-client\"><select class=\"wpcf7-form-control wpcf7-select wpcf7-validates-as-required\" aria-required=\"true\" aria-invalid=\"false\" name=\"solicita-oferta-en-tip-client\"><option value=\"Individual\">Individual<\/option><option value=\"Legal person\">Legal person<\/option><\/select><\/span>\n\t<\/p>\n\t<div data-id=\"group-pj-societate-en\" data-orig_data_id=\"group-pj-societate-en\"  class=\"\" data-class=\"wpcf7cf_group\">\n\t\t<p class=\"cf-row\"><span class=\"wpcf7-form-control-wrap\" data-name=\"solicita-oferta-pj-societate-en\"><input size=\"40\" maxlength=\"400\" class=\"wpcf7-form-control wpcf7-text\" aria-invalid=\"false\" placeholder=\"Company name\" value=\"\" type=\"text\" name=\"solicita-oferta-pj-societate-en\" \/><\/span>\n\t\t<\/p>\n\t<\/div>\n\t<p class=\"cf-row-fluid\"><span class=\"wpcf7-form-control-wrap\" data-name=\"solicita-oferta-nume-en\"><input size=\"40\" maxlength=\"400\" class=\"wpcf7-form-control wpcf7-text wpcf7-validates-as-required\" aria-required=\"true\" aria-invalid=\"false\" placeholder=\"Your first name*\" value=\"\" type=\"text\" name=\"solicita-oferta-nume-en\" \/><\/span>\n\t<\/p>\n\t<p class=\"cf-row-fluid cf-margin\"><span class=\"wpcf7-form-control-wrap\" data-name=\"solicita-oferta-prenume-en\"><input size=\"40\" maxlength=\"400\" class=\"wpcf7-form-control wpcf7-text wpcf7-validates-as-required\" aria-required=\"true\" aria-invalid=\"false\" placeholder=\"Your last name*\" value=\"\" type=\"text\" name=\"solicita-oferta-prenume-en\" \/><\/span>\n\t<\/p>\n\t<p class=\"cf-row-fluid\"><span class=\"wpcf7-form-control-wrap\" data-name=\"solicita-oferta-email-en\"><input size=\"40\" maxlength=\"400\" class=\"wpcf7-form-control wpcf7-email wpcf7-validates-as-required wpcf7-text wpcf7-validates-as-email\" aria-required=\"true\" aria-invalid=\"false\" placeholder=\"E-mail*\" value=\"\" type=\"email\" name=\"solicita-oferta-email-en\" \/><\/span>\n\t<\/p>\n\t<p class=\"cf-row-fluid cf-margin\"><span class=\"wpcf7-form-control-wrap\" data-name=\"solicita-oferta-tel-en\"><input size=\"40\" maxlength=\"400\" class=\"wpcf7-form-control wpcf7-tel wpcf7-validates-as-required wpcf7-text wpcf7-validates-as-tel\" aria-required=\"true\" aria-invalid=\"false\" placeholder=\"Phone number* - ex: 072XXXXXXX\" value=\"\" type=\"tel\" name=\"solicita-oferta-tel-en\" \/><\/span>\n\t<\/p>\n\t<p class=\"cf-row\"><span class=\"wpcf7-form-control-wrap\" data-name=\"solicita-oferta-menu-judet-en\"><select class=\"wpcf7-form-control wpcf7-select wpcf7-validates-as-required\" aria-required=\"true\" aria-invalid=\"false\" name=\"solicita-oferta-menu-judet-en\"><option value=\"Select province\">Select province<\/option><option value=\"Bucure\u015fti\">Bucure\u015fti<\/option><option value=\"Alba\">Alba<\/option><option value=\"Arad\">Arad<\/option><option value=\"Arges\">Arges<\/option><option value=\"Bac\u0103u\">Bac\u0103u<\/option><option value=\"Bihor\">Bihor<\/option><option value=\"Bistri\u0163a-N\u0103s\u0103ud\">Bistri\u0163a-N\u0103s\u0103ud<\/option><option value=\"Boto\u015fani\">Boto\u015fani<\/option><option value=\"Bra\u015fov\">Bra\u015fov<\/option><option value=\"Br\u0103ila\">Br\u0103ila<\/option><option value=\"Buz\u0103u\">Buz\u0103u<\/option><option value=\"Cara\u015f-Severin\">Cara\u015f-Severin<\/option><option value=\"C\u0103l\u0103ra\u015fi\">C\u0103l\u0103ra\u015fi<\/option><option value=\"Cluj\">Cluj<\/option><option value=\"Constan\u0163a\">Constan\u0163a<\/option><option value=\"Covasna\">Covasna<\/option><option value=\"D\u00e2mbovi\u0163a\">D\u00e2mbovi\u0163a<\/option><option value=\"Dolj\">Dolj<\/option><option value=\"Gala\u0163i\">Gala\u0163i<\/option><option value=\"Giurgiu\">Giurgiu<\/option><option value=\"Gorj\">Gorj<\/option><option value=\"Harghita\">Harghita<\/option><option value=\"Hunedoara\">Hunedoara<\/option><option value=\"Ialomi\u0163a\">Ialomi\u0163a<\/option><option value=\"Ia\u015fi\">Ia\u015fi<\/option><option value=\"Ilfov\">Ilfov<\/option><option value=\"Maramure\u015f\">Maramure\u015f<\/option><option value=\"Mehedin\u0163i\">Mehedin\u0163i<\/option><option value=\"Mure\u015f\">Mure\u015f<\/option><option value=\"Neam\u0163\">Neam\u0163<\/option><option value=\"Olt\">Olt<\/option><option value=\"Prahova\">Prahova<\/option><option value=\"Satu Mare\">Satu Mare<\/option><option value=\"S\u0103laj\">S\u0103laj<\/option><option value=\"Sibiu\">Sibiu<\/option><option value=\"Suceava\">Suceava<\/option><option value=\"Teleorman\">Teleorman<\/option><option value=\"Timi\u015f\">Timi\u015f<\/option><option value=\"Tulcea\">Tulcea<\/option><option value=\"V\u00e2lcea\">V\u00e2lcea<\/option><option value=\"Vaslui\">Vaslui<\/option><option value=\"Vrancea\">Vrancea<\/option><\/select><\/span>\n\t<\/p>\n\t<div data-id=\"group-asig-pf-en\" data-orig_data_id=\"group-asig-pf-en\"  class=\"\" data-class=\"wpcf7cf_group\">\n\t\t<p class=\"cf-heading-small\">Products for individuals\n\t\t<\/p>\n\t\t<p class=\"cf-row\"><span class=\"wpcf7-form-control-wrap\" data-name=\"solicita-oferta-menu-varsta-en\"><select class=\"wpcf7-form-control wpcf7-select wpcf7-validates-as-required\" aria-required=\"true\" aria-invalid=\"false\" name=\"solicita-oferta-menu-varsta-en\"><option value=\"Select age group\">Select age group<\/option><option value=\"18 - 28\">18 - 28<\/option><option value=\"29 - 39\">29 - 39<\/option><option value=\"40 - 50\">40 - 50<\/option><option value=\"51 - 61\">51 - 61<\/option><option value=\"62 - 73\">62 - 73<\/option><option value=\"73+\">73+<\/option><\/select><\/span>\n\t\t<\/p>\n\t\t<p class=\"cf-row\"><span class=\"wpcf7-form-control-wrap\" data-name=\"solicita-oferta-menu-pf-en\"><select class=\"wpcf7-form-control wpcf7-select\" aria-invalid=\"false\" name=\"solicita-oferta-menu-pf-en\"><option value=\"Select insurance\">Select insurance<\/option><option value=\"Asigurare Sisteme de Energie Regenerabila\">Asigurare Sisteme de Energie Regenerabila<\/option><option value=\"Asigurare RCA\">Asigurare RCA<\/option><option value=\"Asigurare CASCO\">Asigurare CASCO<\/option><option value=\"Asigurare de Sanatate\">Asigurare de Sanatate<\/option><option value=\"Asigurare de Sanatate CIGNA\">Asigurare de Sanatate CIGNA<\/option><option value=\"Asigurare Essential Care\">Asigurare Essential Care<\/option><option value=\"Asigurare de Viata\">Asigurare de Viata<\/option><option value=\"Asigurare de Locuinta\">Asigurare de Locuinta<\/option><option value=\"Asigurare de Calatorie\">Asigurare de Calatorie<\/option><option value=\"Pensie Privata\">Pensie Privata<\/option><option value=\"Asigurare Raspundere Civila a Familiei\">Asigurare Raspundere Civila a Familiei<\/option><option value=\"Asigurare Raspundere Civila pentru Caini Periculosi\">Asigurare Raspundere Civila pentru Caini Periculosi<\/option><option value=\"Asigurare Raspundere Civila Profesionala\">Asigurare Raspundere Civila Profesionala<\/option><option value=\"Asigurare Destine Proiect\">Asigurare Destine Proiect<\/option><\/select><\/span>\n\t\t<\/p>\n\t<\/div>\n\t<div data-id=\"group-asig-pj-en\" data-orig_data_id=\"group-asig-pj-en\"  class=\"\" data-class=\"wpcf7cf_group\">\n\t\t<p class=\"cf-heading-small\">Products for legal persons\n\t\t<\/p>\n\t\t<p class=\"cf-row\"><span class=\"wpcf7-form-control-wrap\" data-name=\"solicita-oferta-menu-pj-en\"><select class=\"wpcf7-form-control wpcf7-select\" aria-invalid=\"false\" name=\"solicita-oferta-menu-pj-en\"><option value=\"Select insurance\">Select insurance<\/option><option value=\"Asigurare Sisteme de Energie Regenerabila\">Asigurare Sisteme de Energie Regenerabila<\/option><option value=\"Asigurare ROTR\">Asigurare ROTR<\/option><option value=\"Asigurare RCA si CASCO\">Asigurare RCA si CASCO<\/option><option value=\"Asigurare de CARGO\">Asigurare de CARGO<\/option><option value=\"Asigurare de CMR\">Asigurare de CMR<\/option><option value=\"Asigurare de Cladiri si Bunuri\">Asigurare de Cladiri si Bunuri<\/option><option value=\"Asigurare de Angajati\">Asigurare de Angajati<\/option><option value=\"Asigurare de Raspunderi\">Asigurare de Raspunderi<\/option><option value=\"Asigurare Maritima\">Asigurare Maritima<\/option><option value=\"Asigurare Agricola\">Asigurare Agricola<\/option><\/select><\/span>\n\t\t<\/p>\n\t<\/div>\n\t<p class=\"cf-row\"><span class=\"wpcf7-form-control-wrap\" data-name=\"solicita-oferta-mesaj-en\"><textarea cols=\"40\" rows=\"10\" maxlength=\"2000\" class=\"wpcf7-form-control wpcf7-textarea\" aria-invalid=\"false\" placeholder=\"How can we help?\" name=\"solicita-oferta-mesaj-en\"><\/textarea><\/span>\n\t<\/p>\n\t<p class=\"cf-heading\">Marketing agreement\n\t<\/p>\n\t<p><span class=\"cf-text\">I expressly agree that Destine Broker de Asigurare-Reasigurare (\u201cDestine Broker\u201d), as an insurance broker, process my personal data for direct marketing purposes and, in this regard, I expressly I agree to be communicated with and receive information from Destine Broker about its services and products, including to improve them, benefits to access, promotional offers or insurance opportunities:<\/span>\n\t<\/p>\n\t<p class=\"cf-checkbox\"><span class=\"wpcf7-form-control-wrap\" data-name=\"checkbox-solicita-oferta-acord-marketing-en\"><span class=\"wpcf7-form-control wpcf7-checkbox wpcf7-validates-as-required wpcf7-exclusive-checkbox\"><span class=\"wpcf7-list-item first\"><input type=\"checkbox\" name=\"checkbox-solicita-oferta-acord-marketing-en\" value=\"Yes\" \/><span class=\"wpcf7-list-item-label\">Yes<\/span><\/span><span class=\"wpcf7-list-item last\"><input type=\"checkbox\" name=\"checkbox-solicita-oferta-acord-marketing-en\" value=\"No\" \/><span class=\"wpcf7-list-item-label\">No<\/span><\/span><\/span><\/span>\n\t<\/p>\n\t<p class=\"cf-heading\">Information regarding the protection of personal data\n\t<\/p>\n\t<p><span class=\"cf-text\">Considering that, as a result of the fact that you will fill in your personal data or that of other persons, Destine Broker will process this data for the purpose of providing insurance services or for other agreed purposes, as the case may be, please go through <a href=\"https:\/\/destine-broker.ro\/en\/privacy-policy\/\" target=\"_blank\">Privacy Policy<\/a>.<\/span>\n\t<\/p>\n\t<p class=\"cf-accept\"><span class=\"wpcf7-form-control-wrap\" data-name=\"solicita-oferta-accept-termeni-en\"><span class=\"wpcf7-form-control wpcf7-acceptance\"><span class=\"wpcf7-list-item\"><label><input type=\"checkbox\" name=\"solicita-oferta-accept-termeni-en\" value=\"1\" aria-invalid=\"false\" \/><span class=\"wpcf7-list-item-label\">I confirm that I have read and accepted the <a href=\"https:\/\/destine-broker.ro\/en\/privacy-policy\/\" target=\"_blank\">Privacy Policy<\/a>. I agree that the entered contact data (email and phone number) will be used for further communications between me and Destiny Broker.<\/span><\/label><\/span><\/span><\/span>\n\t<\/p>\n\t<p><input class=\"wpcf7-form-control wpcf7-submit has-spinner\" type=\"submit\" value=\"Send request\" \/>\n\t<\/p>\n<\/div><div class=\"wpcf7-response-output\" aria-hidden=\"true\"><\/div>\n<\/form>\n<\/div>\n[\/vc_column][vc_column width=&#8221;1\/6&#8243;][\/vc_column][\/vc_row]<\/p>\n<\/div>","protected":false},"excerpt":{"rendered":"<p>[vc_row][vc_column width=&#8221;1\/6&#8243;][\/vc_column][vc_column width=&#8221;2\/3&#8243; el_class=&#8221;solicita-oferta-col&#8221;][\/vc_column][vc_column width=&#8221;1\/6&#8243;][\/vc_column][\/vc_row]<\/p>\n","protected":false},"author":32,"featured_media":0,"parent":0,"menu_order":0,"comment_status":"closed","ping_status":"closed","template":"","meta":{"_acf_changed":false,"footnotes":""},"class_list":["post-9200","page","type-page","status-publish","hentry"],"acf":[],"yoast_head":"<!-- This site is optimized with the Yoast SEO plugin v27.4 - https:\/\/yoast.com\/product\/yoast-seo-wordpress\/ -->\n<title>Request an Offer<\/title>\n<meta name=\"description\" content=\"Request an offer from a Destine Insurance and Reinsurance Broker specialist. Select the most suitable policy for you.\" \/>\n<meta name=\"robots\" content=\"index, follow, max-snippet:-1, max-image-preview:large, max-video-preview:-1\" \/>\n<link rel=\"canonical\" href=\"https:\/\/destine-broker.ro\/en\/request-an-offer\/\" \/>\n<meta property=\"og:locale\" content=\"en_US\" \/>\n<meta property=\"og:type\" content=\"article\" \/>\n<meta property=\"og:title\" content=\"Request an Offer\" \/>\n<meta property=\"og:description\" content=\"Request an offer from a Destine Insurance and Reinsurance Broker specialist. Select the most suitable policy for you.\" \/>\n<meta property=\"og:url\" content=\"https:\/\/destine-broker.ro\/en\/request-an-offer\/\" \/>\n<meta property=\"og:site_name\" content=\"Destine Broker\" \/>\n<meta property=\"article:publisher\" content=\"https:\/\/www.facebook.com\/destinebroker\" \/>\n<meta property=\"article:modified_time\" content=\"2023-11-20T08:21:43+00:00\" \/>\n<meta property=\"og:image\" content=\"https:\/\/destine-broker.ro\/wp-content\/uploads\/2025\/07\/Destine-Broker-de-Asigurare-Reasigurare-logo.webp\" \/>\n\t<meta property=\"og:image:width\" content=\"696\" \/>\n\t<meta property=\"og:image:height\" content=\"696\" \/>\n\t<meta property=\"og:image:type\" content=\"image\/png\" \/>\n<meta name=\"twitter:card\" content=\"summary_large_image\" \/>\n<meta name=\"twitter:label1\" content=\"Est. reading time\" \/>\n\t<meta name=\"twitter:data1\" content=\"1 minute\" \/>\n<script type=\"application\/ld+json\" class=\"yoast-schema-graph\">{\"@context\":\"https:\\\/\\\/schema.org\",\"@graph\":[{\"@type\":\"WebPage\",\"@id\":\"https:\\\/\\\/destine-broker.ro\\\/en\\\/request-an-offer\\\/\",\"url\":\"https:\\\/\\\/destine-broker.ro\\\/en\\\/request-an-offer\\\/\",\"name\":\"Request an Offer\",\"isPartOf\":{\"@id\":\"https:\\\/\\\/destine-broker.ro\\\/en\\\/#website\"},\"datePublished\":\"2023-10-19T12:21:04+00:00\",\"dateModified\":\"2023-11-20T08:21:43+00:00\",\"description\":\"Request an offer from a Destine Insurance and Reinsurance Broker specialist. Select the most suitable policy for you.\",\"breadcrumb\":{\"@id\":\"https:\\\/\\\/destine-broker.ro\\\/en\\\/request-an-offer\\\/#breadcrumb\"},\"inLanguage\":\"en-US\",\"potentialAction\":[{\"@type\":\"ReadAction\",\"target\":[\"https:\\\/\\\/destine-broker.ro\\\/en\\\/request-an-offer\\\/\"]}]},{\"@type\":\"BreadcrumbList\",\"@id\":\"https:\\\/\\\/destine-broker.ro\\\/en\\\/request-an-offer\\\/#breadcrumb\",\"itemListElement\":[{\"@type\":\"ListItem\",\"position\":1,\"name\":\"Prima pagin\u0103\",\"item\":\"https:\\\/\\\/destine-broker.ro\\\/en\\\/\"},{\"@type\":\"ListItem\",\"position\":2,\"name\":\"Request an Offer\"}]},{\"@type\":\"WebSite\",\"@id\":\"https:\\\/\\\/destine-broker.ro\\\/en\\\/#website\",\"url\":\"https:\\\/\\\/destine-broker.ro\\\/en\\\/\",\"name\":\"Destine Broker de Asigurare-Reasigurare\",\"description\":\"Performanta in asigurari\",\"publisher\":{\"@id\":\"https:\\\/\\\/destine-broker.ro\\\/en\\\/#organization\"},\"alternateName\":\"Destine Broker\",\"potentialAction\":[{\"@type\":\"SearchAction\",\"target\":{\"@type\":\"EntryPoint\",\"urlTemplate\":\"https:\\\/\\\/destine-broker.ro\\\/en\\\/?s={search_term_string}\"},\"query-input\":{\"@type\":\"PropertyValueSpecification\",\"valueRequired\":true,\"valueName\":\"search_term_string\"}}],\"inLanguage\":\"en-US\"},{\"@type\":\"Organization\",\"@id\":\"https:\\\/\\\/destine-broker.ro\\\/en\\\/#organization\",\"name\":\"Destine Broker de Asigurare Reasigurare\",\"alternateName\":\"Destine Broker\",\"url\":\"https:\\\/\\\/destine-broker.ro\\\/en\\\/\",\"logo\":{\"@type\":\"ImageObject\",\"inLanguage\":\"en-US\",\"@id\":\"https:\\\/\\\/destine-broker.ro\\\/en\\\/#\\\/schema\\\/logo\\\/image\\\/\",\"url\":\"https:\\\/\\\/destine-broker.ro\\\/wp-content\\\/uploads\\\/2025\\\/07\\\/Destine-broker-logo-oficial.webp\",\"contentUrl\":\"https:\\\/\\\/destine-broker.ro\\\/wp-content\\\/uploads\\\/2025\\\/07\\\/Destine-broker-logo-oficial.webp\",\"width\":696,\"height\":696,\"caption\":\"Destine Broker de Asigurare Reasigurare\"},\"image\":{\"@id\":\"https:\\\/\\\/destine-broker.ro\\\/en\\\/#\\\/schema\\\/logo\\\/image\\\/\"},\"sameAs\":[\"https:\\\/\\\/www.facebook.com\\\/destinebroker\",\"https:\\\/\\\/www.linkedin.com\\\/company\\\/destine-broker-de-asigurare\\\/\"]}]}<\/script>\n<!-- \/ Yoast SEO plugin. -->","yoast_head_json":{"title":"Request an Offer","description":"Request an offer from a Destine Insurance and Reinsurance Broker specialist. Select the most suitable policy for you.","robots":{"index":"index","follow":"follow","max-snippet":"max-snippet:-1","max-image-preview":"max-image-preview:large","max-video-preview":"max-video-preview:-1"},"canonical":"https:\/\/destine-broker.ro\/en\/request-an-offer\/","og_locale":"en_US","og_type":"article","og_title":"Request an Offer","og_description":"Request an offer from a Destine Insurance and Reinsurance Broker specialist. Select the most suitable policy for you.","og_url":"https:\/\/destine-broker.ro\/en\/request-an-offer\/","og_site_name":"Destine Broker","article_publisher":"https:\/\/www.facebook.com\/destinebroker","article_modified_time":"2023-11-20T08:21:43+00:00","og_image":[{"width":696,"height":696,"url":"https:\/\/destine-broker.ro\/wp-content\/uploads\/2025\/07\/Destine-Broker-de-Asigurare-Reasigurare-logo.webp","type":"image\/png"}],"twitter_card":"summary_large_image","twitter_misc":{"Est. reading time":"1 minute"},"schema":{"@context":"https:\/\/schema.org","@graph":[{"@type":"WebPage","@id":"https:\/\/destine-broker.ro\/en\/request-an-offer\/","url":"https:\/\/destine-broker.ro\/en\/request-an-offer\/","name":"Request an Offer","isPartOf":{"@id":"https:\/\/destine-broker.ro\/en\/#website"},"datePublished":"2023-10-19T12:21:04+00:00","dateModified":"2023-11-20T08:21:43+00:00","description":"Request an offer from a Destine Insurance and Reinsurance Broker specialist. Select the most suitable policy for you.","breadcrumb":{"@id":"https:\/\/destine-broker.ro\/en\/request-an-offer\/#breadcrumb"},"inLanguage":"en-US","potentialAction":[{"@type":"ReadAction","target":["https:\/\/destine-broker.ro\/en\/request-an-offer\/"]}]},{"@type":"BreadcrumbList","@id":"https:\/\/destine-broker.ro\/en\/request-an-offer\/#breadcrumb","itemListElement":[{"@type":"ListItem","position":1,"name":"Prima pagin\u0103","item":"https:\/\/destine-broker.ro\/en\/"},{"@type":"ListItem","position":2,"name":"Request an Offer"}]},{"@type":"WebSite","@id":"https:\/\/destine-broker.ro\/en\/#website","url":"https:\/\/destine-broker.ro\/en\/","name":"Destine Broker de Asigurare-Reasigurare","description":"Performanta in asigurari","publisher":{"@id":"https:\/\/destine-broker.ro\/en\/#organization"},"alternateName":"Destine Broker","potentialAction":[{"@type":"SearchAction","target":{"@type":"EntryPoint","urlTemplate":"https:\/\/destine-broker.ro\/en\/?s={search_term_string}"},"query-input":{"@type":"PropertyValueSpecification","valueRequired":true,"valueName":"search_term_string"}}],"inLanguage":"en-US"},{"@type":"Organization","@id":"https:\/\/destine-broker.ro\/en\/#organization","name":"Destine Broker de Asigurare Reasigurare","alternateName":"Destine Broker","url":"https:\/\/destine-broker.ro\/en\/","logo":{"@type":"ImageObject","inLanguage":"en-US","@id":"https:\/\/destine-broker.ro\/en\/#\/schema\/logo\/image\/","url":"https:\/\/destine-broker.ro\/wp-content\/uploads\/2025\/07\/Destine-broker-logo-oficial.webp","contentUrl":"https:\/\/destine-broker.ro\/wp-content\/uploads\/2025\/07\/Destine-broker-logo-oficial.webp","width":696,"height":696,"caption":"Destine Broker de Asigurare Reasigurare"},"image":{"@id":"https:\/\/destine-broker.ro\/en\/#\/schema\/logo\/image\/"},"sameAs":["https:\/\/www.facebook.com\/destinebroker","https:\/\/www.linkedin.com\/company\/destine-broker-de-asigurare\/"]}]}},"_links":{"self":[{"href":"https:\/\/destine-broker.ro\/en\/wp-json\/wp\/v2\/pages\/9200","targetHints":{"allow":["GET"]}}],"collection":[{"href":"https:\/\/destine-broker.ro\/en\/wp-json\/wp\/v2\/pages"}],"about":[{"href":"https:\/\/destine-broker.ro\/en\/wp-json\/wp\/v2\/types\/page"}],"author":[{"embeddable":true,"href":"https:\/\/destine-broker.ro\/en\/wp-json\/wp\/v2\/users\/32"}],"replies":[{"embeddable":true,"href":"https:\/\/destine-broker.ro\/en\/wp-json\/wp\/v2\/comments?post=9200"}],"version-history":[{"count":0,"href":"https:\/\/destine-broker.ro\/en\/wp-json\/wp\/v2\/pages\/9200\/revisions"}],"wp:attachment":[{"href":"https:\/\/destine-broker.ro\/en\/wp-json\/wp\/v2\/media?parent=9200"}],"curies":[{"name":"wp","href":"https:\/\/api.w.org\/{rel}","templated":true}]}}